{"id":143,"date":"2019-05-06T13:27:52","date_gmt":"2019-05-06T11:27:52","guid":{"rendered":"http:\/\/10.59.32.210\/index.php\/hestia-front\/"},"modified":"2025-06-02T15:02:49","modified_gmt":"2025-06-02T13:02:49","slug":"hestia-front","status":"publish","type":"page","link":"https:\/\/www.pict.ipbs.fr\/","title":{"rendered":"Plateforme Integr\u00e9e de Criblage de Toulouse"},"content":{"rendered":"\t\t<div data-elementor-type=\"wp-post\" data-elementor-id=\"143\" class=\"elementor elementor-143\">\n\t\t\t\t\t\t<section class=\"elementor-section elementor-top-section elementor-element elementor-element-32717659 elementor-section-boxed elementor-section-height-default elementor-section-height-default\" data-id=\"32717659\" data-element_type=\"section\" data-e-type=\"section\">\n\t\t\t\t\t\t<div class=\"elementor-container elementor-column-gap-default\">\n\t\t\t\t\t<div class=\"elementor-column elementor-col-100 elementor-top-column elementor-element elementor-element-47efd3eb\" data-id=\"47efd3eb\" data-element_type=\"column\" data-e-type=\"column\">\n\t\t\t<div class=\"elementor-widget-wrap elementor-element-populated\">\n\t\t\t\t\t\t<div class=\"elementor-element elementor-element-3e814286 elementor-invisible elementor-widget elementor-widget-text-editor\" data-id=\"3e814286\" data-element_type=\"widget\" data-e-type=\"widget\" data-settings=\"{&quot;_animation&quot;:&quot;zoomIn&quot;}\" data-widget_type=\"text-editor.default\">\n\t\t\t\t<div class=\"elementor-widget-container\">\n\t\t\t\t\t\t\t\t\t<p>Notre\u00a0<span>c\u0153ur <\/span> de m\u00e9tier<\/p>\t\t\t\t\t\t\t\t<\/div>\n\t\t\t\t<\/div>\n\t\t\t\t\t<\/div>\n\t\t<\/div>\n\t\t\t\t\t<\/div>\n\t\t<\/section>\n\t\t\t\t<section class=\"elementor-section elementor-top-section elementor-element elementor-element-761e2d5 elementor-section-boxed elementor-section-height-default elementor-section-height-default\" data-id=\"761e2d5\" data-element_type=\"section\" data-e-type=\"section\">\n\t\t\t\t\t\t<div class=\"elementor-container elementor-column-gap-default\">\n\t\t\t\t\t<div class=\"elementor-column elementor-col-100 elementor-top-column elementor-element elementor-element-11b05f9\" data-id=\"11b05f9\" data-element_type=\"column\" data-e-type=\"column\">\n\t\t\t<div class=\"elementor-widget-wrap elementor-element-populated\">\n\t\t\t\t\t\t<div class=\"elementor-element elementor-element-d26d028 elementor-invisible elementor-widget elementor-widget-text-editor\" data-id=\"d26d028\" data-element_type=\"widget\" data-e-type=\"widget\" data-settings=\"{&quot;_animation&quot;:&quot;zoomIn&quot;}\" data-widget_type=\"text-editor.default\">\n\t\t\t\t<div class=\"elementor-widget-container\">\n\t\t\t\t\t\t\t\t\t<p>PICT fournit \u00e0 la communaut\u00e9 scientifique et m\u00e9dicale un ensemble complet de technologies et expertises permettant l\u2019identification et l\u2019\u00e9laboration rationnelle d\u2019inhibiteurs de cibles th\u00e9rapeutiques ou effecteurs de toute cible, la d\u00e9couverte de nouvelles enzymes et la caract\u00e9risation de leurs interactions. PICT s\u2019adapte \u00e0 vos besoins en biologie structurale, criblage et caract\u00e9risation d\u2019interaction cible-ligand en proposant une large gamme de services.<\/p>\t\t\t\t\t\t\t\t<\/div>\n\t\t\t\t<\/div>\n\t\t\t\t\t<\/div>\n\t\t<\/div>\n\t\t\t\t\t<\/div>\n\t\t<\/section>\n\t\t\t\t<section class=\"elementor-section elementor-top-section elementor-element elementor-element-2ef0bee elementor-section-boxed elementor-section-height-default elementor-section-height-default\" data-id=\"2ef0bee\" data-element_type=\"section\" data-e-type=\"section\">\n\t\t\t\t\t\t<div class=\"elementor-container elementor-column-gap-default\">\n\t\t\t\t\t<div class=\"elementor-column elementor-col-100 elementor-top-column elementor-element elementor-element-4c962d1\" data-id=\"4c962d1\" data-element_type=\"column\" data-e-type=\"column\">\n\t\t\t<div class=\"elementor-widget-wrap elementor-element-populated\">\n\t\t\t\t\t\t<div class=\"elementor-element elementor-element-7c39b05 elementor-invisible elementor-widget elementor-widget-image\" data-id=\"7c39b05\" data-element_type=\"widget\" data-e-type=\"widget\" data-settings=\"{&quot;_animation&quot;:&quot;zoomIn&quot;}\" data-widget_type=\"image.default\">\n\t\t\t\t<div class=\"elementor-widget-container\">\n\t\t\t\t\t\t\t\t\t\t\t\t\t\t\t<img fetchpriority=\"high\" decoding=\"async\" width=\"750\" height=\"390\" src=\"http:\/\/www.pict.ipbs.fr\/wp-content\/uploads\/2019\/05\/strategy.jpg\" class=\"attachment-large size-large wp-image-191\" alt=\"\" srcset=\"http:\/\/www.pict.ipbs.fr\/wp-content\/uploads\/2019\/05\/strategy.jpg 900w, http:\/\/www.pict.ipbs.fr\/wp-content\/uploads\/2019\/05\/strategy-300x156.jpg 300w, http:\/\/www.pict.ipbs.fr\/wp-content\/uploads\/2019\/05\/strategy-768x399.jpg 768w\" sizes=\"(max-width: 750px) 100vw, 750px\" \/>\t\t\t\t\t\t\t\t\t\t\t\t\t\t\t<\/div>\n\t\t\t\t<\/div>\n\t\t\t\t\t<\/div>\n\t\t<\/div>\n\t\t\t\t\t<\/div>\n\t\t<\/section>\n\t\t\t\t<section class=\"elementor-section elementor-top-section elementor-element elementor-element-8b46d2e elementor-section-boxed elementor-section-height-default elementor-section-height-default\" data-id=\"8b46d2e\" data-element_type=\"section\" data-e-type=\"section\">\n\t\t\t\t\t\t<div class=\"elementor-container elementor-column-gap-default\">\n\t\t\t\t\t<div class=\"elementor-column elementor-col-100 elementor-top-column elementor-element elementor-element-3d82a19\" data-id=\"3d82a19\" data-element_type=\"column\" data-e-type=\"column\">\n\t\t\t<div class=\"elementor-widget-wrap elementor-element-populated\">\n\t\t\t\t\t\t<div class=\"elementor-element elementor-element-410433e elementor-invisible elementor-widget elementor-widget-text-editor\" data-id=\"410433e\" data-element_type=\"widget\" data-e-type=\"widget\" data-settings=\"{&quot;_animation&quot;:&quot;zoomIn&quot;}\" data-widget_type=\"text-editor.default\">\n\t\t\t\t<div class=\"elementor-widget-container\">\n\t\t\t\t\t\t\t\t\t<p>PICT regroupe les expertises de trois laboratoires toulousain dans les domaines des sciences du vivant, de la chimie et des biotechnologies :<\/p>\t\t\t\t\t\t\t\t<\/div>\n\t\t\t\t<\/div>\n\t\t\t\t<div class=\"elementor-element elementor-element-c186b00 elementor-align-start elementor-icon-list--layout-traditional elementor-list-item-link-full_width elementor-invisible elementor-widget elementor-widget-icon-list\" data-id=\"c186b00\" data-element_type=\"widget\" data-e-type=\"widget\" data-settings=\"{&quot;_animation&quot;:&quot;zoomIn&quot;}\" data-widget_type=\"icon-list.default\">\n\t\t\t\t<div class=\"elementor-widget-container\">\n\t\t\t\t\t\t\t<ul class=\"elementor-icon-list-items\">\n\t\t\t\t\t\t\t<li class=\"elementor-icon-list-item\">\n\t\t\t\t\t\t\t\t\t\t\t<a href=\"http:\/\/www.ipbs.fr\/fr\" target=\"_blank\">\n\n\t\t\t\t\t\t\t\t\t\t\t\t<span class=\"elementor-icon-list-icon\">\n\t\t\t\t\t\t\t<i aria-hidden=\"true\" class=\"fas fa-check-square\"><\/i>\t\t\t\t\t\t<\/span>\n\t\t\t\t\t\t\t\t\t\t<span class=\"elementor-icon-list-text\">Institut de Pharmacologie et de Biologie Structurale (IPBS)  : biologie structurale, biophysique et bioinformatique<\/span>\n\t\t\t\t\t\t\t\t\t\t\t<\/a>\n\t\t\t\t\t\t\t\t\t<\/li>\n\t\t\t\t\t\t\t\t<li class=\"elementor-icon-list-item\">\n\t\t\t\t\t\t\t\t\t\t\t<a href=\"http:\/\/spcmib.univ-tlse3.fr\/\">\n\n\t\t\t\t\t\t\t\t\t\t\t\t<span class=\"elementor-icon-list-icon\">\n\t\t\t\t\t\t\t<i aria-hidden=\"true\" class=\"fas fa-check-square\"><\/i>\t\t\t\t\t\t<\/span>\n\t\t\t\t\t\t\t\t\t\t<span class=\"elementor-icon-list-text\">Laboratoire de Synth\u00e8se et Physico-Chimie de Mol\u00e9cules d'Int\u00e9r\u00eat Biologique (SPCMIB) : synth\u00e8se chimique, analyse et purification<\/span>\n\t\t\t\t\t\t\t\t\t\t\t<\/a>\n\t\t\t\t\t\t\t\t\t<\/li>\n\t\t\t\t\t\t\t\t<li class=\"elementor-icon-list-item\">\n\t\t\t\t\t\t\t\t\t\t\t<a href=\"http:\/\/www.lisbp.fr\/\">\n\n\t\t\t\t\t\t\t\t\t\t\t\t<span class=\"elementor-icon-list-icon\">\n\t\t\t\t\t\t\t<i aria-hidden=\"true\" class=\"fas fa-check-square\"><\/i>\t\t\t\t\t\t<\/span>\n\t\t\t\t\t\t\t\t\t\t<span class=\"elementor-icon-list-text\">Toulouse Biotechnology Institute (TBI) :  d\u00e9couverte et optimisation d'enzymes<\/span>\n\t\t\t\t\t\t\t\t\t\t\t<\/a>\n\t\t\t\t\t\t\t\t\t<\/li>\n\t\t\t\t\t\t<\/ul>\n\t\t\t\t\t\t<\/div>\n\t\t\t\t<\/div>\n\t\t\t\t\t<\/div>\n\t\t<\/div>\n\t\t\t\t\t<\/div>\n\t\t<\/section>\n\t\t\t\t<section class=\"elementor-section elementor-top-section elementor-element elementor-element-14a5ffa elementor-section-boxed elementor-section-height-default elementor-section-height-default\" data-id=\"14a5ffa\" data-element_type=\"section\" data-e-type=\"section\">\n\t\t\t\t\t\t<div class=\"elementor-container elementor-column-gap-default\">\n\t\t\t\t\t<div class=\"elementor-column elementor-col-100 elementor-top-column elementor-element elementor-element-2789060\" data-id=\"2789060\" data-element_type=\"column\" data-e-type=\"column\">\n\t\t\t<div class=\"elementor-widget-wrap elementor-element-populated\">\n\t\t\t\t\t\t<div class=\"elementor-element elementor-element-28fc71c elementor-widget-divider--view-line elementor-widget elementor-widget-divider\" data-id=\"28fc71c\" data-element_type=\"widget\" data-e-type=\"widget\" data-widget_type=\"divider.default\">\n\t\t\t\t<div class=\"elementor-widget-container\">\n\t\t\t\t\t\t\t<div class=\"elementor-divider\">\n\t\t\t<span class=\"elementor-divider-separator\">\n\t\t\t\t\t\t<\/span>\n\t\t<\/div>\n\t\t\t\t\t\t<\/div>\n\t\t\t\t<\/div>\n\t\t\t\t\t<\/div>\n\t\t<\/div>\n\t\t\t\t\t<\/div>\n\t\t<\/section>\n\t\t\t\t<section class=\"elementor-section elementor-top-section elementor-element elementor-element-5f896f5 elementor-section-boxed elementor-section-height-default elementor-section-height-default\" data-id=\"5f896f5\" data-element_type=\"section\" data-e-type=\"section\">\n\t\t\t\t\t\t<div class=\"elementor-container elementor-column-gap-default\">\n\t\t\t\t\t<div class=\"elementor-column elementor-col-66 elementor-top-column elementor-element elementor-element-59d0c72\" data-id=\"59d0c72\" data-element_type=\"column\" data-e-type=\"column\">\n\t\t\t<div class=\"elementor-widget-wrap elementor-element-populated\">\n\t\t\t\t\t\t<div class=\"elementor-element elementor-element-9aa7540 elementor-invisible elementor-widget elementor-widget-text-editor\" data-id=\"9aa7540\" data-element_type=\"widget\" data-e-type=\"widget\" data-settings=\"{&quot;_animation&quot;:&quot;zoomIn&quot;}\" data-widget_type=\"text-editor.default\">\n\t\t\t\t<div class=\"elementor-widget-container\">\n\t\t\t\t\t\t\t\t\t<p><span>\u00a0La Plateforme Int\u00e9gr\u00e9e de Criblage de Toulouse (PICT) est engag\u00e9e dans une d\u00e9marche qualit\u00e9 et certifi\u00e9e ISO 9001 depuis 2012 et NFX 50-900 depuis 2015.<\/span><\/p>\t\t\t\t\t\t\t\t<\/div>\n\t\t\t\t<\/div>\n\t\t\t\t\t<\/div>\n\t\t<\/div>\n\t\t\t\t<div class=\"elementor-column elementor-col-33 elementor-top-column elementor-element elementor-element-9cae4dc\" data-id=\"9cae4dc\" data-element_type=\"column\" data-e-type=\"column\">\n\t\t\t<div class=\"elementor-widget-wrap elementor-element-populated\">\n\t\t\t\t\t\t<div class=\"elementor-element elementor-element-6248406 elementor-widget elementor-widget-image\" data-id=\"6248406\" data-element_type=\"widget\" data-e-type=\"widget\" data-widget_type=\"image.default\">\n\t\t\t\t<div class=\"elementor-widget-container\">\n\t\t\t\t\t\t\t\t\t\t\t\t\t\t\t<img decoding=\"async\" width=\"150\" height=\"150\" src=\"http:\/\/www.pict.ipbs.fr\/wp-content\/uploads\/2025\/06\/logo-LRQA-small-150x150.jpg\" class=\"attachment-thumbnail size-thumbnail wp-image-2020\" alt=\"\" srcset=\"http:\/\/www.pict.ipbs.fr\/wp-content\/uploads\/2025\/06\/logo-LRQA-small-150x150.jpg 150w, http:\/\/www.pict.ipbs.fr\/wp-content\/uploads\/2025\/06\/logo-LRQA-small-300x300.jpg 300w, http:\/\/www.pict.ipbs.fr\/wp-content\/uploads\/2025\/06\/logo-LRQA-small.jpg 350w\" sizes=\"(max-width: 150px) 100vw, 150px\" \/>\t\t\t\t\t\t\t\t\t\t\t\t\t\t\t<\/div>\n\t\t\t\t<\/div>\n\t\t\t\t\t<\/div>\n\t\t<\/div>\n\t\t\t\t\t<\/div>\n\t\t<\/section>\n\t\t\t\t<section class=\"elementor-section elementor-top-section elementor-element elementor-element-5498a40 elementor-section-boxed elementor-section-height-default elementor-section-height-default\" data-id=\"5498a40\" data-element_type=\"section\" data-e-type=\"section\">\n\t\t\t\t\t\t<div class=\"elementor-container elementor-column-gap-default\">\n\t\t\t\t\t<div class=\"elementor-column elementor-col-100 elementor-top-column elementor-element elementor-element-edd7875\" data-id=\"edd7875\" data-element_type=\"column\" data-e-type=\"column\">\n\t\t\t<div class=\"elementor-widget-wrap elementor-element-populated\">\n\t\t\t\t\t\t<div class=\"elementor-element elementor-element-115daa9 elementor-widget-divider--view-line elementor-widget elementor-widget-divider\" data-id=\"115daa9\" data-element_type=\"widget\" data-e-type=\"widget\" data-widget_type=\"divider.default\">\n\t\t\t\t<div class=\"elementor-widget-container\">\n\t\t\t\t\t\t\t<div class=\"elementor-divider\">\n\t\t\t<span class=\"elementor-divider-separator\">\n\t\t\t\t\t\t<\/span>\n\t\t<\/div>\n\t\t\t\t\t\t<\/div>\n\t\t\t\t<\/div>\n\t\t\t\t<div class=\"elementor-element elementor-element-23e18e2 elementor-invisible elementor-widget elementor-widget-text-editor\" data-id=\"23e18e2\" data-element_type=\"widget\" data-e-type=\"widget\" data-settings=\"{&quot;_animation&quot;:&quot;zoomIn&quot;}\" data-widget_type=\"text-editor.default\">\n\t\t\t\t<div class=\"elementor-widget-container\">\n\t\t\t\t\t\t\t\t\t<p><span>Faits marquants &amp; actualit\u00e9s<\/span><\/p>\t\t\t\t\t\t\t\t<\/div>\n\t\t\t\t<\/div>\n\t\t\t\t\t<\/div>\n\t\t<\/div>\n\t\t\t\t\t<\/div>\n\t\t<\/section>\n\t\t\t\t<section class=\"elementor-section elementor-top-section elementor-element elementor-element-6712c95 elementor-section-boxed elementor-section-height-default elementor-section-height-default\" data-id=\"6712c95\" data-element_type=\"section\" data-e-type=\"section\">\n\t\t\t\t\t\t<div class=\"elementor-container elementor-column-gap-default\">\n\t\t\t\t\t<div class=\"elementor-column elementor-col-100 elementor-top-column elementor-element elementor-element-877929c\" data-id=\"877929c\" data-element_type=\"column\" data-e-type=\"column\">\n\t\t\t<div class=\"elementor-widget-wrap elementor-element-populated\">\n\t\t\t\t\t\t<div class=\"elementor-element elementor-element-80ee6ec elementor-position-left elementor-vertical-align-middle elementor-invisible elementor-widget elementor-widget-image-box\" data-id=\"80ee6ec\" data-element_type=\"widget\" data-e-type=\"widget\" data-settings=\"{&quot;_animation&quot;:&quot;zoomIn&quot;}\" data-widget_type=\"image-box.default\">\n\t\t\t\t<div class=\"elementor-widget-container\">\n\t\t\t\t\t<div class=\"elementor-image-box-wrapper\"><figure class=\"elementor-image-box-img\"><a href=\"http:\/\/www-pict.ipbs.fr\/wp-content\/uploads\/2020\/07\/Pict-2019.pdf\" target=\"_blank\" rel=\"nofollow\" tabindex=\"-1\"><img decoding=\"async\" src=\"http:\/\/www.pict.ipbs.fr\/wp-content\/uploads\/elementor\/thumbs\/faits-marquants-ramusn7rdvb4q9ln76fnuyl26rh7wz7nn5x7d5t9ts.jpg\" title=\"faits-marquants\" alt=\"faits-marquants\" loading=\"lazy\" \/><\/a><\/figure><div class=\"elementor-image-box-content\"><h2 class=\"elementor-image-box-title\"><a href=\"http:\/\/www-pict.ipbs.fr\/wp-content\/uploads\/2020\/07\/Pict-2019.pdf\" target=\"_blank\" rel=\"nofollow\">Faits marquants 2019<\/a><\/h2><p class=\"elementor-image-box-description\">T\u00e9l\u00e9chargez la brochure des faits marquants scientifiques de l'ann\u00e9e 2019<\/p><\/div><\/div>\t\t\t\t<\/div>\n\t\t\t\t<\/div>\n\t\t\t\t\t<\/div>\n\t\t<\/div>\n\t\t\t\t\t<\/div>\n\t\t<\/section>\n\t\t\t\t<\/div>\n\t\t","protected":false},"excerpt":{"rendered":"<p>Notre\u00a0c\u0153ur de m\u00e9tier PICT fournit \u00e0 la communaut\u00e9 scientifique et m\u00e9dicale un ensemble complet de technologies et expertises permettant l\u2019identification et l\u2019\u00e9laboration rationnelle d\u2019inhibiteurs de cibles th\u00e9rapeutiques ou effecteurs de toute cible, la d\u00e9couverte de nouvelles enzymes et la caract\u00e9risation de leurs interactions. PICT s\u2019adapte \u00e0 vos besoins en biologie [&hellip;]<\/p>\n","protected":false},"author":1,"featured_media":0,"parent":0,"menu_order":0,"comment_status":"closed","ping_status":"closed","template":"","meta":{"footnotes":""},"class_list":["post-143","page","type-page","status-publish","hentry"],"_links":{"self":[{"href":"https:\/\/www.pict.ipbs.fr\/index.php\/wp-json\/wp\/v2\/pages\/143","targetHints":{"allow":["GET"]}}],"collection":[{"href":"https:\/\/www.pict.ipbs.fr\/index.php\/wp-json\/wp\/v2\/pages"}],"about":[{"href":"https:\/\/www.pict.ipbs.fr\/index.php\/wp-json\/wp\/v2\/types\/page"}],"author":[{"embeddable":true,"href":"https:\/\/www.pict.ipbs.fr\/index.php\/wp-json\/wp\/v2\/users\/1"}],"replies":[{"embeddable":true,"href":"https:\/\/www.pict.ipbs.fr\/index.php\/wp-json\/wp\/v2\/comments?post=143"}],"version-history":[{"count":71,"href":"https:\/\/www.pict.ipbs.fr\/index.php\/wp-json\/wp\/v2\/pages\/143\/revisions"}],"predecessor-version":[{"id":2023,"href":"https:\/\/www.pict.ipbs.fr\/index.php\/wp-json\/wp\/v2\/pages\/143\/revisions\/2023"}],"wp:attachment":[{"href":"https:\/\/www.pict.ipbs.fr\/index.php\/wp-json\/wp\/v2\/media?parent=143"}],"curies":[{"name":"wp","href":"https:\/\/api.w.org\/{rel}","templated":true}]}}